{"id":685,"date":"2021-03-04T15:39:09","date_gmt":"2021-03-04T18:39:09","guid":{"rendered":"http:\/\/startup-founders.devel\/built\/"},"modified":"2026-04-06T17:57:29","modified_gmt":"2026-04-06T20:57:29","slug":"build","status":"publish","type":"page","link":"https:\/\/startupchile.org\/en\/apply\/build\/","title":{"rendered":"Build"},"content":{"rendered":"<p>Built.Augue eget arcu dictum varius. Facilisis mauris sit amet massa vitae tortor. Sagittis id consectetur purus ut faucibus pulvinar elementum integer. Augue ut lectus arcu bibendum at varius vel pharetra. Aliquam eleifend mi in nulla posuere sollicitudin aliquam.Lorem Ipsum Dolor Sit Amet.Lectus proin nibh nisl condimentum id Dapibus ultrices.Molestie nunc non blandit massa enim nec. Amet est placerat in egestas erat imperdiet sed euismod nisi. At ultrices mi tempus imperdiet nulla malesuada pellentesque. Suspendisse.Lectus proin nibh nisl condimentum id Dapibus ultrices..Lectus proin nibh nisl condimentum id Dapibus ultrices..How the startups hd\u00f1lkfdl\u00f1kg\u00f1fk\u00f1v.Augue eget arcu dictum varius. Facilisis mauris sit amet massa vitae tortor. Sagittis id consectetur purus ut faucibus pulvinar..Startup.Molestie nunc non blandit massa enim nec. Amet est placerat in egestas erat imperdiet sed euismod nisi. At ultrices mi tempus imperdiet nulla malesuada pellentesque. Suspendisse.Startup.Molestie nunc non blandit massa enim nec. Amet est placerat in egestas erat imperdiet sed euismod nisi. At ultrices mi tempus imperdiet nulla malesuada pellentesque. Suspendisse.Sup Academy.Molestie nunc non blandit massa enim nec. Amet est placerat in egestas erat imperdiet sed euismod nisi. At ultrices mi tempus imperdiet nulla malesuada pellentesque. Suspendisse.Sup Academy.Molestie nunc non blandit massa enim nec. Amet est placerat in egestas erat imperdiet sed euismod nisi. At ultrices mi tempus imperdiet nulla malesuada pellentesque. Suspendisse.Startups.Molestie nunc non blandit massa enim nec. Amet est placerat in egestas erat imperdiet sed euismod nisi. At ultrices mi tempus imperdiet nulla malesuada pellentesque. Suspendisse.Experiencia.Contacto.\u00bfQuieres apoyar a los emprendedores?.Molestie nunc non blandit massa enim nec. Amet est placerat in egestas erat imperdiet sed euismod nisi. At ultrices mi tempus.Lorem Ipsum..<\/p>\n","protected":false},"excerpt":{"rendered":"<p>Built.Augue eget arcu dictum varius. Facilisis mauris sit amet massa vitae tortor. Sagittis id consectetur purus ut faucibus pulvinar elementum integer. Augue ut lectus arcu bibendum at varius vel pharetra. Aliquam eleifend mi in nulla posuere sollicitudin aliquam.Lorem Ipsum Dolor Sit Amet.Lectus proin nibh nisl condimentum id Dapibus ultrices.Molestie nunc non blandit massa enim nec. [&hellip;]<\/p>\n","protected":false},"author":7,"featured_media":0,"parent":1121,"menu_order":0,"comment_status":"closed","ping_status":"closed","template":"built-ignite","meta":[],"_links":{"self":[{"href":"https:\/\/startupchile.org\/en\/wp-json\/wp\/v2\/pages\/685"}],"collection":[{"href":"https:\/\/startupchile.org\/en\/wp-json\/wp\/v2\/pages"}],"about":[{"href":"https:\/\/startupchile.org\/en\/wp-json\/wp\/v2\/types\/page"}],"author":[{"embeddable":true,"href":"https:\/\/startupchile.org\/en\/wp-json\/wp\/v2\/users\/7"}],"replies":[{"embeddable":true,"href":"https:\/\/startupchile.org\/en\/wp-json\/wp\/v2\/comments?post=685"}],"version-history":[{"count":63,"href":"https:\/\/startupchile.org\/en\/wp-json\/wp\/v2\/pages\/685\/revisions"}],"predecessor-version":[{"id":6975,"href":"https:\/\/startupchile.org\/en\/wp-json\/wp\/v2\/pages\/685\/revisions\/6975"}],"up":[{"embeddable":true,"href":"https:\/\/startupchile.org\/en\/wp-json\/wp\/v2\/pages\/1121"}],"wp:attachment":[{"href":"https:\/\/startupchile.org\/en\/wp-json\/wp\/v2\/media?parent=685"}],"curies":[{"name":"wp","href":"https:\/\/api.w.org\/{rel}","templated":true}]}}